{"id":10,"date":"2025-03-13T13:08:10","date_gmt":"2025-03-13T12:08:10","guid":{"rendered":"https:\/\/earteinteractivo.es\/gi2\/pi_victoriag\/?page_id=10"},"modified":"2025-05-19T01:15:30","modified_gmt":"2025-05-18T23:15:30","slug":"pagina-1","status":"publish","type":"page","link":"https:\/\/earteinteractivo.com\/gi2\/pi_victoriag\/","title":{"rendered":"Inicio"},"content":{"rendered":"<div class=\"\" style=\"\" >\n    \n    <section class=\"u-clearfix u-section-2\" id=\"block-1\">\n      <div class=\"u-clearfix u-sheet u-sheet-1\">\n        <h1 class=\"u-align-center-md u-align-center-sm u-align-center-xs u-custom-font u-font-montserrat u-text u-text-1\">Telde, un mundo por descubrir<\/h1>\n        <div class=\"u-expanded-width-xs u-video u-video-contain u-video-1\">\n          <div class=\"embed-responsive embed-responsive-1\">\n            <iframe style=\"position: absolute;top: 0;left: 0;width: 100%;height: 100%;\" class=\"embed-responsive-item\" src=\"https:\/\/www.youtube.com\/embed\/l5LvTWDR8XM?playlist=l5LvTWDR8XM&amp;loop=1&amp;mute=1&amp;showinfo=1&amp;controls=0&amp;start=0&amp;autoplay=1\" data-autoplay=\"1\" frameborder=\"0\" allowfullscreen=\"\"><\/iframe>\n          <\/div>\n        <\/div>\n        <h5 class=\"u-align-justify u-custom-font u-font-montserrat u-text u-text-2\"> Descubre Telde, un lugar lleno de historia, naturaleza y encanto. Con su casco antiguo, donde el barrio de San Juan destaca por su majestuosa Bas\u00edlica y San Francisco conserva su aut\u00e9ntica arquitectura canaria, Telde te transporta al pasado. Rel\u00e1jate en la espectacular Playa de Melenara, con sus aguas cristalinas y arena volc\u00e1nica. Y si eres amante de la aventura, no te pierdas el Barranco de los Cern\u00edcalos, un para\u00edso para el senderismo con cascadas y una vegetaci\u00f3n \u00fanica. \u00a1Telde te espera!<\/h5>\n      <\/div>\n    <\/section>\n    <section class=\"u-clearfix u-section-3\" id=\"block-3\">\n      <div class=\"u-clearfix u-sheet u-valign-middle u-sheet-1\">\n        <img decoding=\"async\" class=\"u-hover-feature u-image u-image-default u-image-1\" src=\"https:\/\/earteinteractivo.com\/gi2\/pi_victoriag\/wp-content\/uploads\/2025\/05\/CleanandModernAppPortfolioMockupPresentation.jpg\" alt=\"\" data-image-width=\"1920\" data-image-height=\"1080\" data-href=\"https:\/\/www.figma.com\/proto\/zmI0NTZr5SuL8w8UWTZpOe\/Untitled?node-id=172-402&amp;t=ebNtZOkyGiI9Ee41-1&amp;scaling=scale-down&amp;content-scaling=fixed&amp;page-id=0%3A1&amp;starting-point-node-id=172%3A627\" data-target=\"_blank\">\n      <\/div>\n      \n    <\/section>\n    <section class=\"u-align-center u-clearfix u-container-align-center u-section-4\" id=\"block-4\">\n      <div class=\"u-clearfix u-sheet u-sheet-1\">\n        <h2 class=\"u-align-center u-custom-font u-font-montserrat u-text u-text-1\"> Telde te espera con historia, mar y naturaleza<\/h2>\n        <h4 class=\"u-align-center u-custom-font u-font-montserrat u-text u-text-default u-text-2\"> Sum\u00e9rgete en su encanto desde la app oficial<\/h4>\n        <h4 class=\"u-align-center-lg u-align-center-md u-align-center-sm u-align-center-xl u-align-justify-xs u-custom-font u-font-montserrat u-text u-text-3\"> Telde es una ciudad y municipio espa\u00f1ol perteneciente a la isla de Gran Canaria, en la provincia de Las Palmas, comunidad aut\u00f3noma de Canarias.\u200b Con 102 472 habitantes en 2022, \u200b es el segundo municipio m\u00e1s poblado de Gran Canaria, tras Las Palmas de Gran Canaria, y el cuarto de Canarias.&nbsp;<br>\n          <br>\n        <\/h4>\n        <h4 class=\"u-align-justify-xs u-align-left-lg u-align-left-md u-align-left-sm u-align-left-xl u-custom-font u-font-montserrat u-text u-text-4\">\n          <span style=\"font-weight: 500;\"><\/span>\n          <span style=\"font-weight: 700;\">Historia y cultura&nbsp;<\/span>\n          <br>\n          <br>Telde tiene una gran relevancia hist\u00f3rica, ya que fue uno de los dos reinos abor\u00edgenes de la isla antes de la conquista castellana en el siglo XV. Los antiguos canarios dejaron numerosos yacimientos arqueol\u00f3gicos, como <span style=\"font-weight: 500;\">Cuatro Puertas, Tara y Tufia<\/span>, que hoy en d\u00eda son testimonio de su legado.<br>\n          <br>El casco hist\u00f3rico de Telde se divide en los barrios de <span style=\"font-weight: 500;\">San Juan y San Francisco.<br>\n          <\/span>\n          <br>\n          <span style=\"font-weight: 500;\">San Juan<\/span> alberga la majestuosa Bas\u00edlica de San Juan Bautista y cuenta con elegantes casas se\u00f1oriales.<br>\n          <br>\n          <span style=\"font-weight: 500;\">San Francisco<\/span> es conocido por sus calles empedradas y arquitectura tradicional canaria, manteniendo un ambiente tranquilo y pintoresco.<br>\n        <\/h4>\n        <div class=\"u-expanded-width-xs u-gallery u-layout-grid u-lightbox u-show-text-on-hover u-gallery-1\">\n          <div class=\"u-gallery-inner u-gallery-inner-1\">\n            <div class=\"u-effect-fade u-gallery-item\">\n              <div class=\"u-back-slide\" data-image-width=\"900\" data-image-height=\"450\">\n                <img decoding=\"async\" class=\"u-back-image u-expanded u-back-image-1\" src=\"https:\/\/earteinteractivo.com\/gi2\/pi_victoriag\/wp-content\/uploads\/2025\/03\/telde.webp\">\n              <\/div>\n              <div class=\"u-over-slide u-shading u-over-slide-1\"><\/div>\n            <\/div>\n          <\/div>\n        <\/div>\n        <div class=\"u-align-center u-container-align-center u-container-style u-custom-color-5 u-group u-radius u-shape-round u-group-1\">\n          <div class=\"u-container-layout u-valign-middle u-container-layout-1\">\n            <p class=\"u-text u-text-default u-text-5\"> Bas\u00edlica de San Juan Bautista<\/p>\n          <\/div>\n        <\/div>\n        <div class=\"u-expanded-width-xs u-gallery u-layout-grid u-lightbox u-show-text-on-hover u-gallery-2\">\n          <div class=\"u-gallery-inner u-gallery-inner-2\">\n            <div class=\"u-effect-fade u-gallery-item\">\n              <div class=\"u-back-slide\" data-image-width=\"1370\" data-image-height=\"1028\">\n                <img decoding=\"async\" class=\"u-back-image u-expanded u-back-image-2\" src=\"https:\/\/earteinteractivo.com\/gi2\/pi_victoriag\/wp-content\/uploads\/2025\/03\/playa-de-melenara-en-telde-gran-canaria-0.webp\">\n              <\/div>\n              <div class=\"u-over-slide u-shading u-over-slide-2\"><\/div>\n            <\/div>\n          <\/div>\n        <\/div>\n        <h4 class=\"u-align-justify-xs u-align-left-md u-align-left-sm u-align-right-lg u-align-right-xl u-custom-font u-font-montserrat u-text u-text-6\">\n          <span style=\"font-weight: 500;\"><\/span>\n          <span style=\"font-weight: 600;\">Entorno natural y playas<br>\n          <\/span>\n          <br>Telde tiene una costa privilegiada con diversas playas,<span style=\"font-size: 1.125rem;\"><\/span> siendo las m\u00e1s populares <span style=\"font-weight: 500;\">Playa de Melenara, Playa de Salinetas y Playa de La Garita<\/span>. Estas playas destacan por sus arenas volc\u00e1nicas y sus excelentes condiciones para el ba\u00f1o y deportes acu\u00e1ticos.<br>\n        <\/h4>\n        <div class=\"u-align-center u-container-style u-custom-color-5 u-group u-radius u-shape-round u-group-2\">\n          <div class=\"u-container-layout u-valign-middle u-container-layout-2\">\n            <p class=\"u-text u-text-7\"> Playa de Melenara<\/p>\n          <\/div>\n        <\/div>\n        <div class=\"u-expanded-width-xs u-gallery u-layout-grid u-lightbox u-show-text-on-hover u-gallery-3\">\n          <div class=\"u-gallery-inner u-gallery-inner-3\">\n            <div class=\"u-effect-fade u-gallery-item\">\n              <div class=\"u-back-slide\" data-image-width=\"1280\" data-image-height=\"720\">\n                <img decoding=\"async\" class=\"u-back-image u-expanded u-back-image-3\" src=\"https:\/\/earteinteractivo.com\/gi2\/pi_victoriag\/wp-content\/uploads\/2025\/03\/csm_Gran-Canaria-Los-Cernicalos1_ef9fa745c4.jpg\">\n              <\/div>\n              <div class=\"u-over-slide u-shading u-over-slide-3\"><\/div>\n            <\/div>\n          <\/div>\n        <\/div>\n        <h4 class=\"u-align-justify-xs u-align-left-lg u-align-left-md u-align-left-sm u-align-left-xl u-custom-font u-font-montserrat u-text u-text-8\">\n          <span style=\"font-weight: 600;\"> Lugares de inter\u00e9s<br>\n          <\/span>\n          <br>\n          <span style=\"font-weight: 500;\">Barranco de los Cern\u00edcalos:<\/span> Ideal para los amantes del senderismo, es uno de los pocos barrancos en la isla que mantiene un flujo de agua durante todo \u200bel a\u00f1o, con cascadas y una rica vegetaci\u00f3n.&nbsp;<br>\n        <\/h4>\n        <div class=\"u-align-center u-container-align-center u-container-style u-custom-color-5 u-group u-radius u-shape-round u-group-3\">\n          <div class=\"u-container-layout u-valign-middle u-container-layout-3\">\n            <p class=\"u-text u-text-default u-text-9\"> Barranco de los Cern\u00edcal\u200bos<\/p>\n          <\/div>\n        <\/div>\n      <\/div>\n    <\/section>\n    \n    \n    \n    \n  \n<\/div>","protected":false},"excerpt":{"rendered":"<p>Telde, un mundo por descubrir Descubre Telde, un lugar lleno de historia, naturaleza y encanto. Con su casco antiguo, donde el barrio de San Juan destaca por su majestuosa Bas\u00edlica y San Francisco conserva su aut\u00e9ntica arquitectura canaria, Telde te transporta al pasado. Rel\u00e1jate en la espectacular Playa de Melenara, con sus aguas cristalinas y [&hellip;]<\/p>\n","protected":false},"author":1,"featured_media":0,"parent":0,"menu_order":0,"comment_status":"closed","ping_status":"closed","template":"","meta":{"footnotes":""},"class_list":["post-10","page","type-page","status-publish","hentry"],"_links":{"self":[{"href":"https:\/\/earteinteractivo.com\/gi2\/pi_victoriag\/wp-json\/wp\/v2\/pages\/10","targetHints":{"allow":["GET"]}}],"collection":[{"href":"https:\/\/earteinteractivo.com\/gi2\/pi_victoriag\/wp-json\/wp\/v2\/pages"}],"about":[{"href":"https:\/\/earteinteractivo.com\/gi2\/pi_victoriag\/wp-json\/wp\/v2\/types\/page"}],"author":[{"embeddable":true,"href":"https:\/\/earteinteractivo.com\/gi2\/pi_victoriag\/wp-json\/wp\/v2\/users\/1"}],"replies":[{"embeddable":true,"href":"https:\/\/earteinteractivo.com\/gi2\/pi_victoriag\/wp-json\/wp\/v2\/comments?post=10"}],"version-history":[{"count":23,"href":"https:\/\/earteinteractivo.com\/gi2\/pi_victoriag\/wp-json\/wp\/v2\/pages\/10\/revisions"}],"predecessor-version":[{"id":118,"href":"https:\/\/earteinteractivo.com\/gi2\/pi_victoriag\/wp-json\/wp\/v2\/pages\/10\/revisions\/118"}],"wp:attachment":[{"href":"https:\/\/earteinteractivo.com\/gi2\/pi_victoriag\/wp-json\/wp\/v2\/media?parent=10"}],"curies":[{"name":"wp","href":"https:\/\/api.w.org\/{rel}","templated":true}]}}